{"id":34371,"date":"2022-01-05T22:41:30","date_gmt":"2024-10-23T17:46:12","guid":{"rendered":"https:\/\/ccdr-lvt.bzcomon.com\/agricultura-e-pescas\/"},"modified":"2024-12-16T14:52:19","modified_gmt":"2024-12-16T14:52:19","slug":"agricultura-desenvolvimento-rural-e-pescas","status":"publish","type":"page","link":"https:\/\/ccdr-lvt.bzcomon.com\/en\/agricultura-desenvolvimento-rural-e-pescas\/","title":{"rendered":"Agricultura, Desenvolvimento Rural e Pescas"},"content":{"rendered":"\n<div class=\"colored-cards grid grid-cols-2 sm:grid-cols-[repeat(auto-fit,_minmax(11.25rem,_1fr))] lg:grid-cols-4 my-8 gap-1\">\n                            <a class=\"!no-underline bg-white transition-colors p-3 lg:px-4 lg:py-6 bg-none hover:text-white min-h-[11.25rem] lg:min-h-[14.5rem] w-full cursor-pointer flex items-center justify-center\"\n           href=\"https:\/\/ccdr-lvt.bzcomon.com\/agricultura-desenvolvimento-rural-e-pescas\/aproveitamentos-hidroagricolas\/\" \n           target=\"\">\n            <h3 class=\"text-sm lg:text-lg font-bold max-w-56 text-center\">Aproveitamentos Hidroagr\u00edcolas<\/h3>\n        <\/a>\n                            <a class=\"!no-underline bg-white transition-colors p-3 lg:px-4 lg:py-6 bg-none hover:text-white min-h-[11.25rem] lg:min-h-[14.5rem] w-full cursor-pointer flex items-center justify-center\"\n           href=\"https:\/\/ccdr-lvt.bzcomon.com\/ib-identificacao-do-beneficiario\/\" \n           target=\"\">\n            <h3 class=\"text-sm lg:text-lg font-bold max-w-56 text-center\">Identifica\u00e7\u00e3o do Benefici\u00e1rio<\/h3>\n        <\/a>\n                            <a class=\"!no-underline bg-white transition-colors p-3 lg:px-4 lg:py-6 bg-none hover:text-white min-h-[11.25rem] lg:min-h-[14.5rem] w-full cursor-pointer flex items-center justify-center\"\n           href=\"https:\/\/ccdr-lvt.bzcomon.com\/agricultura-desenvolvimento-rural-e-pescas\/observatorio-rural\/\" \n           target=\"\">\n            <h3 class=\"text-sm lg:text-lg font-bold max-w-56 text-center\">Observat\u00f3rio Rural<\/h3>\n        <\/a>\n                            <a class=\"!no-underline bg-white transition-colors p-3 lg:px-4 lg:py-6 bg-none hover:text-white min-h-[11.25rem] lg:min-h-[14.5rem] w-full cursor-pointer flex items-center justify-center\"\n           href=\"https:\/\/ccdr-lvt.bzcomon.com\/agricultura-desenvolvimento-rural-e-pescas\/olival\/\" \n           target=\"\">\n            <h3 class=\"text-sm lg:text-lg font-bold max-w-56 text-center\">Olival<\/h3>\n        <\/a>\n                            <a class=\"!no-underline bg-white transition-colors p-3 lg:px-4 lg:py-6 bg-none hover:text-white min-h-[11.25rem] lg:min-h-[14.5rem] w-full cursor-pointer flex items-center justify-center\"\n           href=\"https:\/\/ccdr-lvt.bzcomon.com\/agricultura-desenvolvimento-rural-e-pescas\/organizacao-comum-de-mercados\/\" \n           target=\"\">\n            <h3 class=\"text-sm lg:text-lg font-bold max-w-56 text-center\">Organiza\u00e7\u00e3o Comum de Mercados<\/h3>\n        <\/a>\n                            <a class=\"!no-underline bg-white transition-colors p-3 lg:px-4 lg:py-6 bg-none hover:text-white min-h-[11.25rem] lg:min-h-[14.5rem] w-full cursor-pointer flex items-center justify-center\"\n           href=\"https:\/\/ccdr-lvt.bzcomon.com\/agricultura-e-pescas\/rop\/\" \n           target=\"\">\n            <h3 class=\"text-sm lg:text-lg font-bold max-w-56 text-center\">Reconhecimento de Organiza\u00e7\u00f5es de Produtores<\/h3>\n        <\/a>\n                            <a class=\"!no-underline bg-white transition-colors p-3 lg:px-4 lg:py-6 bg-none hover:text-white min-h-[11.25rem] lg:min-h-[14.5rem] w-full cursor-pointer flex items-center justify-center\"\n           href=\"https:\/\/ccdr-lvt.bzcomon.com\/agricultura-desenvolvimento-rural-e-pescas\/rede-rural-2\/\" \n           target=\"\">\n            <h3 class=\"text-sm lg:text-lg font-bold max-w-56 text-center\">Rede Rural<\/h3>\n        <\/a>\n                            <a class=\"!no-underline bg-white transition-colors p-3 lg:px-4 lg:py-6 bg-none hover:text-white min-h-[11.25rem] lg:min-h-[14.5rem] w-full cursor-pointer flex items-center justify-center\"\n           href=\"https:\/\/ccdr-lvt.bzcomon.com\/agricultura-desenvolvimento-rural-e-pescas\/reserva-agricola-nacional-ran-2\/\" \n           target=\"\">\n            <h3 class=\"text-sm lg:text-lg font-bold max-w-56 text-center\">Reserva Agr\u00edcola Nacional<\/h3>\n        <\/a>\n                            <a class=\"!no-underline bg-white transition-colors p-3 lg:px-4 lg:py-6 bg-none hover:text-white min-h-[11.25rem] lg:min-h-[14.5rem] w-full cursor-pointer flex items-center justify-center\"\n           href=\"https:\/\/ccdr-lvt.bzcomon.com\/agricultura-desenvolvimento-rural-e-pescas\/vinha\/\" \n           target=\"\">\n            <h3 class=\"text-sm lg:text-lg font-bold max-w-56 text-center\">Vinha<\/h3>\n        <\/a>\n                            <a class=\"!no-underline bg-white transition-colors p-3 lg:px-4 lg:py-6 bg-none hover:text-white min-h-[11.25rem] lg:min-h-[14.5rem] w-full cursor-pointer flex items-center justify-center\"\n           href=\"https:\/\/ccdr-lvt.bzcomon.com\/agricultura-desenvolvimento-rural-e-pescas\/zona-vulneravel-a-nitratos\/\" \n           target=\"\">\n            <h3 class=\"text-sm lg:text-lg font-bold max-w-56 text-center\">Zona Vulner\u00e1vel a Nitratos<\/h3>\n        <\/a>\n    <\/div>\n\n<style>\n    .colored-cards a {\n        color: #FF9712;\n        border: 4px solid #FF9712;\n    }\n\n    .colored-cards a:hover,\n    .colored-cards a:focus {\n        background-color: #FF9712;\n        color: white;\n    }\n<\/style>","protected":false},"excerpt":{"rendered":"","protected":false},"author":1,"featured_media":0,"parent":0,"menu_order":6,"comment_status":"closed","ping_status":"closed","template":"","meta":{"_acf_changed":false,"footnotes":""},"categories":[],"tags":[],"class_list":["post-34371","page","type-page","status-publish","hentry"],"acf":[],"_links":{"self":[{"href":"https:\/\/ccdr-lvt.bzcomon.com\/en\/wp-json\/wp\/v2\/pages\/34371","targetHints":{"allow":["GET"]}}],"collection":[{"href":"https:\/\/ccdr-lvt.bzcomon.com\/en\/wp-json\/wp\/v2\/pages"}],"about":[{"href":"https:\/\/ccdr-lvt.bzcomon.com\/en\/wp-json\/wp\/v2\/types\/page"}],"author":[{"embeddable":true,"href":"https:\/\/ccdr-lvt.bzcomon.com\/en\/wp-json\/wp\/v2\/users\/1"}],"replies":[{"embeddable":true,"href":"https:\/\/ccdr-lvt.bzcomon.com\/en\/wp-json\/wp\/v2\/comments?post=34371"}],"version-history":[{"count":25,"href":"https:\/\/ccdr-lvt.bzcomon.com\/en\/wp-json\/wp\/v2\/pages\/34371\/revisions"}],"predecessor-version":[{"id":36566,"href":"https:\/\/ccdr-lvt.bzcomon.com\/en\/wp-json\/wp\/v2\/pages\/34371\/revisions\/36566"}],"wp:attachment":[{"href":"https:\/\/ccdr-lvt.bzcomon.com\/en\/wp-json\/wp\/v2\/media?parent=34371"}],"wp:term":[{"taxonomy":"category","embeddable":true,"href":"https:\/\/ccdr-lvt.bzcomon.com\/en\/wp-json\/wp\/v2\/categories?post=34371"},{"taxonomy":"post_tag","embeddable":true,"href":"https:\/\/ccdr-lvt.bzcomon.com\/en\/wp-json\/wp\/v2\/tags?post=34371"}],"curies":[{"name":"wp","href":"https:\/\/api.w.org\/{rel}","templated":true}]}}